{"id":1399,"date":"2026-05-06T16:30:12","date_gmt":"2026-05-06T14:30:12","guid":{"rendered":"https:\/\/mehdi.gvision.pm\/\/?post_type=product&#038;p=1399"},"modified":"2026-05-07T01:53:18","modified_gmt":"2026-05-06T23:53:18","slug":"yaourt-naturel-35-de-matieres-grasses-500g","status":"publish","type":"product","link":"https:\/\/mehdi.gvision.pm\/?product=yaourt-naturel-35-de-matieres-grasses-500g","title":{"rendered":"Yaourt naturel (3,5 % de mati\u00e8res grasses)"},"content":{"rendered":"","protected":false},"excerpt":{"rendered":"<p class=\"font-claude-response-body break-words whitespace-normal leading-[1.7]\">Savourez l&#8217;authenticit\u00e9 de la recette turque traditionnelle avec le yaourt nature Yayla. Pr\u00e9par\u00e9 \u00e0 partir de lait \u00e9cr\u00e9m\u00e9 pasteuris\u00e9 et de cr\u00e8me fra\u00eeche, il offre une texture onctueuse et un go\u00fbt frais et \u00e9quilibr\u00e9. Parfait nature, avec du miel, dans vos sauces ou en accompagnement de plats orientaux.<\/p>\n<p class=\"font-claude-response-body break-words whitespace-normal leading-[1.7]\"><strong>Ingr\u00e9dients :<\/strong> Lait \u00e9cr\u00e9m\u00e9 pasteuris\u00e9, cr\u00e8me pasteuris\u00e9e (lait), ferments lactiques.<\/p>\n<p class=\"font-claude-response-body break-words whitespace-normal leading-[1.7]\"><strong>Informations nutritionnelles (pour 100g) :<\/strong><\/p>\n<ul class=\"[li_&amp;]:mb-0 [li_&amp;]:mt-1 [li_&amp;]:gap-1 [&amp;:not(:last-child)_ul]:pb-1 [&amp;:not(:last-child)_ol]:pb-1 list-disc flex flex-col gap-1 pl-8 mb-3\">\n<li class=\"whitespace-normal break-words pl-2\">\u00c9nergie : 284 kJ \/ 68 kcal<\/li>\n<li class=\"whitespace-normal break-words pl-2\">Mati\u00e8res grasses : 3,5 g dont acides gras satur\u00e9s : 2,3 g<\/li>\n<li class=\"whitespace-normal break-words pl-2\">Glucides : 5,1 g dont sucres : 5,1 g<\/li>\n<li class=\"whitespace-normal break-words pl-2\">Prot\u00e9ines : 4,0 g<\/li>\n<li class=\"whitespace-normal break-words pl-2\">Sel : 0,11 g<\/li>\n<\/ul>\n<p class=\"font-claude-response-body break-words whitespace-normal leading-[1.7]\">V\u00e9g\u00e9tarien \u2014 Conservation entre +4\u00b0C et +7\u00b0C \u2014 Format 500 g \u2014 DLC : 35 jours<\/p>\n","protected":false},"featured_media":1400,"comment_status":"open","ping_status":"closed","template":"","meta":[],"product_brand":[91],"product_cat":[96],"product_tag":[],"class_list":{"0":"post-1399","1":"product","2":"type-product","3":"status-publish","4":"has-post-thumbnail","6":"product_brand-yayla","7":"product_cat-laitiers-fromages","9":"first","10":"instock","11":"taxable","12":"shipping-taxable","13":"product-type-simple"},"_links":{"self":[{"href":"https:\/\/mehdi.gvision.pm\/index.php?rest_route=\/wp\/v2\/product\/1399","targetHints":{"allow":["GET"]}}],"collection":[{"href":"https:\/\/mehdi.gvision.pm\/index.php?rest_route=\/wp\/v2\/product"}],"about":[{"href":"https:\/\/mehdi.gvision.pm\/index.php?rest_route=\/wp\/v2\/types\/product"}],"replies":[{"embeddable":true,"href":"https:\/\/mehdi.gvision.pm\/index.php?rest_route=%2Fwp%2Fv2%2Fcomments&post=1399"}],"version-history":[{"count":4,"href":"https:\/\/mehdi.gvision.pm\/index.php?rest_route=\/wp\/v2\/product\/1399\/revisions"}],"predecessor-version":[{"id":1544,"href":"https:\/\/mehdi.gvision.pm\/index.php?rest_route=\/wp\/v2\/product\/1399\/revisions\/1544"}],"wp:featuredmedia":[{"embeddable":true,"href":"https:\/\/mehdi.gvision.pm\/index.php?rest_route=\/wp\/v2\/media\/1400"}],"wp:attachment":[{"href":"https:\/\/mehdi.gvision.pm\/index.php?rest_route=%2Fwp%2Fv2%2Fmedia&parent=1399"}],"wp:term":[{"taxonomy":"product_brand","embeddable":true,"href":"https:\/\/mehdi.gvision.pm\/index.php?rest_route=%2Fwp%2Fv2%2Fproduct_brand&post=1399"},{"taxonomy":"product_cat","embeddable":true,"href":"https:\/\/mehdi.gvision.pm\/index.php?rest_route=%2Fwp%2Fv2%2Fproduct_cat&post=1399"},{"taxonomy":"product_tag","embeddable":true,"href":"https:\/\/mehdi.gvision.pm\/index.php?rest_route=%2Fwp%2Fv2%2Fproduct_tag&post=1399"}],"curies":[{"name":"wp","href":"https:\/\/api.w.org\/{rel}","templated":true}]}}