{"id":1503,"date":"2026-05-06T16:52:38","date_gmt":"2026-05-06T14:52:38","guid":{"rendered":"https:\/\/mehdi.gvision.pm\/\/?post_type=product&#038;p=1503"},"modified":"2026-05-07T01:54:07","modified_gmt":"2026-05-06T23:54:07","slug":"yaourt-25-1-kg","status":"publish","type":"product","link":"https:\/\/mehdi.gvision.pm\/?product=yaourt-25-1-kg","title":{"rendered":"Yaourt 2,5 % &#8211; 1 kg"},"content":{"rendered":"","protected":false},"excerpt":{"rendered":"<p class=\"font-claude-response-body break-words whitespace-normal leading-[1.7]\">Le yaourt Fulya \u00e0 2,5% de mati\u00e8res grasses est fabriqu\u00e9 \u00e0 partir de lait de vache frais de ferme, pour un go\u00fbt authentique et une texture onctueuse et l\u00e9g\u00e8re. Certifi\u00e9 Halal, il convient \u00e0 toute la famille. Id\u00e9al nature, avec du miel, en accompagnement de plats chauds ou dans vos recettes du quotidien.<\/p>\n<p class=\"font-claude-response-body break-words whitespace-normal leading-[1.7]\"><strong>Ingr\u00e9dients :<\/strong> Lait de vache pasteuris\u00e9, ferments lactiques.<\/p>\n<p class=\"font-claude-response-body break-words whitespace-normal leading-[1.7]\">Certifi\u00e9 Halal \u2014 Conservation entre +4\u00b0C et +6\u00b0C \u2014 Format 1 kg \u2014 DLC : 35 jours<\/p>\n","protected":false},"featured_media":1475,"comment_status":"open","ping_status":"closed","template":"","meta":[],"product_brand":[94],"product_cat":[96],"product_tag":[],"class_list":{"0":"post-1503","1":"product","2":"type-product","3":"status-publish","4":"has-post-thumbnail","6":"product_brand-fulya","7":"product_cat-laitiers-fromages","9":"first","10":"instock","11":"taxable","12":"shipping-taxable","13":"product-type-simple"},"_links":{"self":[{"href":"https:\/\/mehdi.gvision.pm\/index.php?rest_route=\/wp\/v2\/product\/1503","targetHints":{"allow":["GET"]}}],"collection":[{"href":"https:\/\/mehdi.gvision.pm\/index.php?rest_route=\/wp\/v2\/product"}],"about":[{"href":"https:\/\/mehdi.gvision.pm\/index.php?rest_route=\/wp\/v2\/types\/product"}],"replies":[{"embeddable":true,"href":"https:\/\/mehdi.gvision.pm\/index.php?rest_route=%2Fwp%2Fv2%2Fcomments&post=1503"}],"version-history":[{"count":2,"href":"https:\/\/mehdi.gvision.pm\/index.php?rest_route=\/wp\/v2\/product\/1503\/revisions"}],"predecessor-version":[{"id":1549,"href":"https:\/\/mehdi.gvision.pm\/index.php?rest_route=\/wp\/v2\/product\/1503\/revisions\/1549"}],"wp:featuredmedia":[{"embeddable":true,"href":"https:\/\/mehdi.gvision.pm\/index.php?rest_route=\/wp\/v2\/media\/1475"}],"wp:attachment":[{"href":"https:\/\/mehdi.gvision.pm\/index.php?rest_route=%2Fwp%2Fv2%2Fmedia&parent=1503"}],"wp:term":[{"taxonomy":"product_brand","embeddable":true,"href":"https:\/\/mehdi.gvision.pm\/index.php?rest_route=%2Fwp%2Fv2%2Fproduct_brand&post=1503"},{"taxonomy":"product_cat","embeddable":true,"href":"https:\/\/mehdi.gvision.pm\/index.php?rest_route=%2Fwp%2Fv2%2Fproduct_cat&post=1503"},{"taxonomy":"product_tag","embeddable":true,"href":"https:\/\/mehdi.gvision.pm\/index.php?rest_route=%2Fwp%2Fv2%2Fproduct_tag&post=1503"}],"curies":[{"name":"wp","href":"https:\/\/api.w.org\/{rel}","templated":true}]}}