{"id":1516,"date":"2026-05-06T17:09:54","date_gmt":"2026-05-06T15:09:54","guid":{"rendered":"https:\/\/mehdi.gvision.pm\/\/?post_type=product&#038;p=1516"},"modified":"2026-05-07T01:56:01","modified_gmt":"2026-05-06T23:56:01","slug":"graines-de-lin-flaxseed","status":"publish","type":"product","link":"https:\/\/mehdi.gvision.pm\/?product=graines-de-lin-flaxseed","title":{"rendered":"Graines de lin Duru \u2013 250 g"},"content":{"rendered":"","protected":false},"excerpt":{"rendered":"<p class=\"font-claude-response-body break-words whitespace-normal leading-[1.7]\">Les graines de lin Duru sont un superaliment naturel, exceptionnellement riches en fibres, en acides gras om\u00e9ga-3 et en prot\u00e9ines v\u00e9g\u00e9tales. Polyvalentes et faciles \u00e0 utiliser, elles peuvent \u00eatre ajout\u00e9es au yaourt, aux salades, aux boissons ou saupoudr\u00e9es sur du pain avant la cuisson. Elles se consomment aussi bien telles quelles qu&#8217;int\u00e9gr\u00e9es dans vos recettes du quotidien.<\/p>\n<p class=\"font-claude-response-body break-words whitespace-normal leading-[1.7]\"><strong>Utilisations recommand\u00e9es :<\/strong> salades, c\u00e9r\u00e9ales de petit-d\u00e9jeuner, yaourts, smoothies et pains.<\/p>\n<p class=\"font-claude-response-body break-words whitespace-normal leading-[1.7]\"><strong>Ingr\u00e9dients :<\/strong> Graines de lin.<\/p>\n<p class=\"font-claude-response-body break-words whitespace-normal leading-[1.7]\"><strong>Informations nutritionnelles (pour 100g) :<\/strong><\/p>\n<ul class=\"[li_&amp;]:mb-0 [li_&amp;]:mt-1 [li_&amp;]:gap-1 [&amp;:not(:last-child)_ul]:pb-1 [&amp;:not(:last-child)_ol]:pb-1 list-disc flex flex-col gap-1 pl-8 mb-3\">\n<li class=\"whitespace-normal break-words pl-2\">\u00c9nergie : 1900 kJ \/ 454 kcal<\/li>\n<li class=\"whitespace-normal break-words pl-2\">Lipides : 33,1 g dont graisses satur\u00e9es : 1,0 g<\/li>\n<li class=\"whitespace-normal break-words pl-2\">Glucides : 3,5 g dont sucres : 1,6 g<\/li>\n<li class=\"whitespace-normal break-words pl-2\">Fibres : 35,1 g<\/li>\n<li class=\"whitespace-normal break-words pl-2\">Prot\u00e9ines : 18,1 g<\/li>\n<li class=\"whitespace-normal break-words pl-2\">Sel : 0,39 g<\/li>\n<\/ul>\n<p class=\"font-claude-response-body break-words whitespace-normal leading-[1.7]\">Origine : Ukraine \u2014 Sans additifs ni conservateurs \u2014 Format 250 g \u2014 DLC : 2 ans \u2014 Conserver dans un endroit frais et sec, \u00e0 l&#8217;abri de la lumi\u00e8re du soleil.<\/p>\n","protected":false},"featured_media":1517,"comment_status":"open","ping_status":"closed","template":"","meta":[],"product_brand":[92],"product_cat":[97],"product_tag":[],"class_list":{"0":"post-1516","1":"product","2":"type-product","3":"status-publish","4":"has-post-thumbnail","6":"product_brand-duru","7":"product_cat-legumineuses-cereales","9":"first","10":"instock","11":"taxable","12":"shipping-taxable","13":"product-type-simple"},"_links":{"self":[{"href":"https:\/\/mehdi.gvision.pm\/index.php?rest_route=\/wp\/v2\/product\/1516","targetHints":{"allow":["GET"]}}],"collection":[{"href":"https:\/\/mehdi.gvision.pm\/index.php?rest_route=\/wp\/v2\/product"}],"about":[{"href":"https:\/\/mehdi.gvision.pm\/index.php?rest_route=\/wp\/v2\/types\/product"}],"replies":[{"embeddable":true,"href":"https:\/\/mehdi.gvision.pm\/index.php?rest_route=%2Fwp%2Fv2%2Fcomments&post=1516"}],"version-history":[{"count":2,"href":"https:\/\/mehdi.gvision.pm\/index.php?rest_route=\/wp\/v2\/product\/1516\/revisions"}],"predecessor-version":[{"id":1596,"href":"https:\/\/mehdi.gvision.pm\/index.php?rest_route=\/wp\/v2\/product\/1516\/revisions\/1596"}],"wp:featuredmedia":[{"embeddable":true,"href":"https:\/\/mehdi.gvision.pm\/index.php?rest_route=\/wp\/v2\/media\/1517"}],"wp:attachment":[{"href":"https:\/\/mehdi.gvision.pm\/index.php?rest_route=%2Fwp%2Fv2%2Fmedia&parent=1516"}],"wp:term":[{"taxonomy":"product_brand","embeddable":true,"href":"https:\/\/mehdi.gvision.pm\/index.php?rest_route=%2Fwp%2Fv2%2Fproduct_brand&post=1516"},{"taxonomy":"product_cat","embeddable":true,"href":"https:\/\/mehdi.gvision.pm\/index.php?rest_route=%2Fwp%2Fv2%2Fproduct_cat&post=1516"},{"taxonomy":"product_tag","embeddable":true,"href":"https:\/\/mehdi.gvision.pm\/index.php?rest_route=%2Fwp%2Fv2%2Fproduct_tag&post=1516"}],"curies":[{"name":"wp","href":"https:\/\/api.w.org\/{rel}","templated":true}]}}