{"id":1526,"date":"2026-05-06T17:27:20","date_gmt":"2026-05-06T15:27:20","guid":{"rendered":"https:\/\/mehdi.gvision.pm\/\/?post_type=product&#038;p=1526"},"modified":"2026-05-07T01:56:41","modified_gmt":"2026-05-06T23:56:41","slug":"lentille-plate-rouge","status":"publish","type":"product","link":"https:\/\/mehdi.gvision.pm\/?product=lentille-plate-rouge","title":{"rendered":"Lentille plate rouge"},"content":{"rendered":"","protected":false},"excerpt":{"rendered":"<p class=\"font-claude-response-body break-words whitespace-normal leading-[1.7]\">La lentille plate rouge Duru est obtenue en cassant des lentilles rouges rondes, r\u00e9v\u00e9lant un grain tendre et savoureux. Originaire de la r\u00e9gion du sud-est de l&#8217;Anatolie, elle est soigneusement s\u00e9lectionn\u00e9e \u00e0 la r\u00e9colte pour garantir la plus haute qualit\u00e9, puis emball\u00e9e dans des usines certifi\u00e9es ISO 22000, IFS et BRC. Riche en fibres, en prot\u00e9ines v\u00e9g\u00e9tales et faible en graisses, elle est id\u00e9ale pour les soupes, boulettes et salades.<\/p>\n<p class=\"font-claude-response-body break-words whitespace-normal leading-[1.7]\"><strong>Ingr\u00e9dients :<\/strong> Lentilles plates rouges.<\/p>\n<p class=\"font-claude-response-body break-words whitespace-normal leading-[1.7]\"><strong>Informations nutritionnelles (pour 100g) :<\/strong><\/p>\n<ul class=\"[li_&amp;]:mb-0 [li_&amp;]:mt-1 [li_&amp;]:gap-1 [&amp;:not(:last-child)_ul]:pb-1 [&amp;:not(:last-child)_ol]:pb-1 list-disc flex flex-col gap-1 pl-8 mb-3\">\n<li class=\"whitespace-normal break-words pl-2\">\u00c9nergie : 1486 kJ \/ 347 kcal<\/li>\n<li class=\"whitespace-normal break-words pl-2\">Mati\u00e8res grasses : 2,2 g dont acides gras satur\u00e9s : 0,5 g<\/li>\n<li class=\"whitespace-normal break-words pl-2\">Glucides : 52,8 g dont sucres : 3,8 g<\/li>\n<li class=\"whitespace-normal break-words pl-2\">Fibres : 8,8 g<\/li>\n<li class=\"whitespace-normal break-words pl-2\">Prot\u00e9ines : 24,6 g<\/li>\n<li class=\"whitespace-normal break-words pl-2\">Sel : 0,1 g<\/li>\n<\/ul>\n<p class=\"font-claude-response-body break-words whitespace-normal leading-[1.7]\">Haute teneur en fibres \u2014 Riche en prot\u00e9ines \u2014 Faible en graisses et en sucres \u2014 Origine : Turquie \u2014 DLC : 2 ans \u2014 Conserver dans un endroit frais, sec et \u00e0 l&#8217;abri de la lumi\u00e8re du soleil.<\/p>\n","protected":false},"featured_media":1528,"comment_status":"open","ping_status":"closed","template":"","meta":[],"product_brand":[92],"product_cat":[97],"product_tag":[],"class_list":{"0":"post-1526","1":"product","2":"type-product","3":"status-publish","4":"has-post-thumbnail","6":"product_brand-duru","7":"product_cat-legumineuses-cereales","9":"first","10":"instock","11":"taxable","12":"shipping-taxable","13":"product-type-simple"},"_links":{"self":[{"href":"https:\/\/mehdi.gvision.pm\/index.php?rest_route=\/wp\/v2\/product\/1526","targetHints":{"allow":["GET"]}}],"collection":[{"href":"https:\/\/mehdi.gvision.pm\/index.php?rest_route=\/wp\/v2\/product"}],"about":[{"href":"https:\/\/mehdi.gvision.pm\/index.php?rest_route=\/wp\/v2\/types\/product"}],"replies":[{"embeddable":true,"href":"https:\/\/mehdi.gvision.pm\/index.php?rest_route=%2Fwp%2Fv2%2Fcomments&post=1526"}],"version-history":[{"count":3,"href":"https:\/\/mehdi.gvision.pm\/index.php?rest_route=\/wp\/v2\/product\/1526\/revisions"}],"predecessor-version":[{"id":1598,"href":"https:\/\/mehdi.gvision.pm\/index.php?rest_route=\/wp\/v2\/product\/1526\/revisions\/1598"}],"wp:featuredmedia":[{"embeddable":true,"href":"https:\/\/mehdi.gvision.pm\/index.php?rest_route=\/wp\/v2\/media\/1528"}],"wp:attachment":[{"href":"https:\/\/mehdi.gvision.pm\/index.php?rest_route=%2Fwp%2Fv2%2Fmedia&parent=1526"}],"wp:term":[{"taxonomy":"product_brand","embeddable":true,"href":"https:\/\/mehdi.gvision.pm\/index.php?rest_route=%2Fwp%2Fv2%2Fproduct_brand&post=1526"},{"taxonomy":"product_cat","embeddable":true,"href":"https:\/\/mehdi.gvision.pm\/index.php?rest_route=%2Fwp%2Fv2%2Fproduct_cat&post=1526"},{"taxonomy":"product_tag","embeddable":true,"href":"https:\/\/mehdi.gvision.pm\/index.php?rest_route=%2Fwp%2Fv2%2Fproduct_tag&post=1526"}],"curies":[{"name":"wp","href":"https:\/\/api.w.org\/{rel}","templated":true}]}}