{"id":1533,"date":"2026-05-06T18:01:40","date_gmt":"2026-05-06T16:01:40","guid":{"rendered":"https:\/\/mehdi.gvision.pm\/\/?post_type=product&#038;p=1533"},"modified":"2026-05-07T01:57:23","modified_gmt":"2026-05-06T23:57:23","slug":"pois-chiches-900g","status":"publish","type":"product","link":"https:\/\/mehdi.gvision.pm\/?product=pois-chiches-900g","title":{"rendered":"Pois chiches 900g"},"content":{"rendered":"","protected":false},"excerpt":{"rendered":"<p class=\"font-claude-response-body break-words whitespace-normal leading-[1.7]\">Les pois chiches Yayla sont soigneusement s\u00e9lectionn\u00e9s pour vous offrir une qualit\u00e9 optimale. Polyvalents et nutritifs, ils s&#8217;int\u00e8grent parfaitement dans vos soupes, salades, couscous, houmous et plats mijot\u00e9s. Riches en prot\u00e9ines et en glucides complexes, ils constituent une excellente source d&#8217;\u00e9nergie pour toute la famille.<\/p>\n<p class=\"font-claude-response-body break-words whitespace-normal leading-[1.7]\"><strong>Ingr\u00e9dients :<\/strong> Pois chiches.<\/p>\n<p class=\"font-claude-response-body break-words whitespace-normal leading-[1.7]\"><strong>Informations nutritionnelles (pour 100g) :<\/strong><\/p>\n<ul class=\"[li_&amp;]:mb-0 [li_&amp;]:mt-1 [li_&amp;]:gap-1 [&amp;:not(:last-child)_ul]:pb-1 [&amp;:not(:last-child)_ol]:pb-1 list-disc flex flex-col gap-1 pl-8 mb-3\">\n<li class=\"whitespace-normal break-words pl-2\">\u00c9nergie : 1351 kJ \/ 323 kcal<\/li>\n<li class=\"whitespace-normal break-words pl-2\">Mati\u00e8res grasses : 4,66 g dont acides gras satur\u00e9s : 0,53 g<\/li>\n<li class=\"whitespace-normal break-words pl-2\">Glucides : 64 g dont sucres : 0 g<\/li>\n<li class=\"whitespace-normal break-words pl-2\">Prot\u00e9ines : 17,5 g<\/li>\n<li class=\"whitespace-normal break-words pl-2\">Sel : 0,18 g<\/li>\n<\/ul>\n<p class=\"font-claude-response-body break-words whitespace-normal leading-[1.7]\">V\u00e9g\u00e9tarien \u2014 Conservation entre +8\u00b0C et +12\u00b0C \u2014 Format 900 g \u2014 DLC : 730 jours<\/p>\n","protected":false},"featured_media":1465,"comment_status":"open","ping_status":"closed","template":"","meta":[],"product_brand":[91],"product_cat":[97],"product_tag":[],"class_list":{"0":"post-1533","1":"product","2":"type-product","3":"status-publish","4":"has-post-thumbnail","6":"product_brand-yayla","7":"product_cat-legumineuses-cereales","9":"first","10":"instock","11":"taxable","12":"shipping-taxable","13":"product-type-simple"},"_links":{"self":[{"href":"https:\/\/mehdi.gvision.pm\/index.php?rest_route=\/wp\/v2\/product\/1533","targetHints":{"allow":["GET"]}}],"collection":[{"href":"https:\/\/mehdi.gvision.pm\/index.php?rest_route=\/wp\/v2\/product"}],"about":[{"href":"https:\/\/mehdi.gvision.pm\/index.php?rest_route=\/wp\/v2\/types\/product"}],"replies":[{"embeddable":true,"href":"https:\/\/mehdi.gvision.pm\/index.php?rest_route=%2Fwp%2Fv2%2Fcomments&post=1533"}],"version-history":[{"count":2,"href":"https:\/\/mehdi.gvision.pm\/index.php?rest_route=\/wp\/v2\/product\/1533\/revisions"}],"predecessor-version":[{"id":1548,"href":"https:\/\/mehdi.gvision.pm\/index.php?rest_route=\/wp\/v2\/product\/1533\/revisions\/1548"}],"wp:featuredmedia":[{"embeddable":true,"href":"https:\/\/mehdi.gvision.pm\/index.php?rest_route=\/wp\/v2\/media\/1465"}],"wp:attachment":[{"href":"https:\/\/mehdi.gvision.pm\/index.php?rest_route=%2Fwp%2Fv2%2Fmedia&parent=1533"}],"wp:term":[{"taxonomy":"product_brand","embeddable":true,"href":"https:\/\/mehdi.gvision.pm\/index.php?rest_route=%2Fwp%2Fv2%2Fproduct_brand&post=1533"},{"taxonomy":"product_cat","embeddable":true,"href":"https:\/\/mehdi.gvision.pm\/index.php?rest_route=%2Fwp%2Fv2%2Fproduct_cat&post=1533"},{"taxonomy":"product_tag","embeddable":true,"href":"https:\/\/mehdi.gvision.pm\/index.php?rest_route=%2Fwp%2Fv2%2Fproduct_tag&post=1533"}],"curies":[{"name":"wp","href":"https:\/\/api.w.org\/{rel}","templated":true}]}}