{"id":1535,"date":"2026-05-06T18:03:23","date_gmt":"2026-05-06T16:03:23","guid":{"rendered":"https:\/\/mehdi.gvision.pm\/\/?post_type=product&#038;p=1535"},"modified":"2026-05-07T03:25:26","modified_gmt":"2026-05-07T01:25:26","slug":"pate-de-paprika-douce-1650-g","status":"publish","type":"product","link":"https:\/\/mehdi.gvision.pm\/?product=pate-de-paprika-douce-1650-g","title":{"rendered":"P\u00e2te de paprika, douce 1650 g"},"content":{"rendered":"","protected":false},"excerpt":{"rendered":"<p class=\"font-claude-response-body break-words whitespace-normal leading-[1.7]\"><strong>P\u00e2te de paprika douce Yayla \u2013 1650 g<\/strong><\/p>\n<p class=\"font-claude-response-body break-words whitespace-normal leading-[1.7]\">D\u00e9couvrez la saveur authentique de la cuisine turque avec la p\u00e2te de paprika douce Yayla, pr\u00e9par\u00e9e \u00e0 partir de poivrons rouges soigneusement s\u00e9lectionn\u00e9s. Id\u00e9ale pour relever vos plats, sauces, marinades et rago\u00fbts, elle apporte une couleur intense et un go\u00fbt doux et savoureux \u00e0 toutes vos pr\u00e9parations culinaires.<\/p>\n<p class=\"font-claude-response-body break-words whitespace-normal leading-[1.7]\"><strong>Ingr\u00e9dients :<\/strong> Poivrons rouges, sel, conservateur : sorbate de potassium.<\/p>\n<p class=\"font-claude-response-body break-words whitespace-normal leading-[1.7]\"><strong>Informations nutritionnelles (pour 100g) :<\/strong><\/p>\n<ul class=\"[li_&amp;]:mb-0 [li_&amp;]:mt-1 [li_&amp;]:gap-1 [&amp;:not(:last-child)_ul]:pb-1 [&amp;:not(:last-child)_ol]:pb-1 list-disc flex flex-col gap-1 pl-8 mb-3\">\n<li class=\"whitespace-normal break-words pl-2\">\u00c9nergie : 519 kJ \/ 124 kcal<\/li>\n<li class=\"whitespace-normal break-words pl-2\">Mati\u00e8res grasses : 1,8 g<\/li>\n<li class=\"whitespace-normal break-words pl-2\">Glucides : 22 g dont sucres : 5 g<\/li>\n<li class=\"whitespace-normal break-words pl-2\">Prot\u00e9ines : 4,4 g<\/li>\n<li class=\"whitespace-normal break-words pl-2\">Sel : 5 g<\/li>\n<\/ul>\n<p class=\"font-claude-response-body break-words whitespace-normal leading-[1.7]\">V\u00e9g\u00e9tarien \u2014 Conservation \u00e0 temp\u00e9rature ambiante \u2014 Format familial 1650 g \u2014 DLC : 730 jours<\/p>\n","protected":false},"featured_media":1536,"comment_status":"open","ping_status":"closed","template":"","meta":[],"product_brand":[91],"product_cat":[99],"product_tag":[],"class_list":{"0":"post-1535","1":"product","2":"type-product","3":"status-publish","4":"has-post-thumbnail","6":"product_brand-yayla","7":"product_cat-epicerie-surgeles","9":"first","10":"instock","11":"taxable","12":"shipping-taxable","13":"product-type-simple"},"_links":{"self":[{"href":"https:\/\/mehdi.gvision.pm\/index.php?rest_route=\/wp\/v2\/product\/1535","targetHints":{"allow":["GET"]}}],"collection":[{"href":"https:\/\/mehdi.gvision.pm\/index.php?rest_route=\/wp\/v2\/product"}],"about":[{"href":"https:\/\/mehdi.gvision.pm\/index.php?rest_route=\/wp\/v2\/types\/product"}],"replies":[{"embeddable":true,"href":"https:\/\/mehdi.gvision.pm\/index.php?rest_route=%2Fwp%2Fv2%2Fcomments&post=1535"}],"version-history":[{"count":5,"href":"https:\/\/mehdi.gvision.pm\/index.php?rest_route=\/wp\/v2\/product\/1535\/revisions"}],"predecessor-version":[{"id":1540,"href":"https:\/\/mehdi.gvision.pm\/index.php?rest_route=\/wp\/v2\/product\/1535\/revisions\/1540"}],"wp:featuredmedia":[{"embeddable":true,"href":"https:\/\/mehdi.gvision.pm\/index.php?rest_route=\/wp\/v2\/media\/1536"}],"wp:attachment":[{"href":"https:\/\/mehdi.gvision.pm\/index.php?rest_route=%2Fwp%2Fv2%2Fmedia&parent=1535"}],"wp:term":[{"taxonomy":"product_brand","embeddable":true,"href":"https:\/\/mehdi.gvision.pm\/index.php?rest_route=%2Fwp%2Fv2%2Fproduct_brand&post=1535"},{"taxonomy":"product_cat","embeddable":true,"href":"https:\/\/mehdi.gvision.pm\/index.php?rest_route=%2Fwp%2Fv2%2Fproduct_cat&post=1535"},{"taxonomy":"product_tag","embeddable":true,"href":"https:\/\/mehdi.gvision.pm\/index.php?rest_route=%2Fwp%2Fv2%2Fproduct_tag&post=1535"}],"curies":[{"name":"wp","href":"https:\/\/api.w.org\/{rel}","templated":true}]}}