{"id":1550,"date":"2026-05-06T22:36:39","date_gmt":"2026-05-06T20:36:39","guid":{"rendered":"https:\/\/mehdi.gvision.pm\/\/?post_type=product&#038;p=1550"},"modified":"2026-05-07T01:54:38","modified_gmt":"2026-05-06T23:54:38","slug":"fromage-edam-fulya-150-g-tranches","status":"publish","type":"product","link":"https:\/\/mehdi.gvision.pm\/?product=fromage-edam-fulya-150-g-tranches","title":{"rendered":"Fromage Edam Fulya \u2013 150 g (tranches)"},"content":{"rendered":"","protected":false},"excerpt":{"rendered":"<p class=\"font-claude-response-body break-words whitespace-normal leading-[1.7]\">Le fromage Edam tranch\u00e9 Fulya est fabriqu\u00e9 \u00e0 partir de lait frais naturel de qualit\u00e9 sup\u00e9rieure. Chaque \u00e9tape de la production est suivie avec soin, dans des emballages st\u00e9rilis\u00e9s sans contact manuel. Avec ses notes l\u00e9g\u00e8rement poivr\u00e9es, il se marie parfaitement avec le pain, les sandwichs, les pizzas ou les plateaux de fromages.<\/p>\n<p class=\"font-claude-response-body break-words whitespace-normal leading-[1.7]\"><strong>Ingr\u00e9dients :<\/strong> Lait, sel, poivre noir en grains 1,5%, stabilisant : chlorure de calcium, cultures bact\u00e9riennes, colorant : annatto.<\/p>\n<p class=\"font-claude-response-body break-words whitespace-normal leading-[1.7]\">Conservation entre +2\u00b0C et +10\u00b0C \u2014 Format 150 g \u2014 DLC : 60 jours<\/p>\n","protected":false},"featured_media":1474,"comment_status":"open","ping_status":"closed","template":"","meta":[],"product_brand":[94],"product_cat":[96],"product_tag":[],"class_list":{"0":"post-1550","1":"product","2":"type-product","3":"status-publish","4":"has-post-thumbnail","6":"product_brand-fulya","7":"product_cat-laitiers-fromages","9":"first","10":"instock","11":"taxable","12":"shipping-taxable","13":"product-type-simple"},"_links":{"self":[{"href":"https:\/\/mehdi.gvision.pm\/index.php?rest_route=\/wp\/v2\/product\/1550","targetHints":{"allow":["GET"]}}],"collection":[{"href":"https:\/\/mehdi.gvision.pm\/index.php?rest_route=\/wp\/v2\/product"}],"about":[{"href":"https:\/\/mehdi.gvision.pm\/index.php?rest_route=\/wp\/v2\/types\/product"}],"replies":[{"embeddable":true,"href":"https:\/\/mehdi.gvision.pm\/index.php?rest_route=%2Fwp%2Fv2%2Fcomments&post=1550"}],"version-history":[{"count":1,"href":"https:\/\/mehdi.gvision.pm\/index.php?rest_route=\/wp\/v2\/product\/1550\/revisions"}],"predecessor-version":[{"id":1551,"href":"https:\/\/mehdi.gvision.pm\/index.php?rest_route=\/wp\/v2\/product\/1550\/revisions\/1551"}],"wp:featuredmedia":[{"embeddable":true,"href":"https:\/\/mehdi.gvision.pm\/index.php?rest_route=\/wp\/v2\/media\/1474"}],"wp:attachment":[{"href":"https:\/\/mehdi.gvision.pm\/index.php?rest_route=%2Fwp%2Fv2%2Fmedia&parent=1550"}],"wp:term":[{"taxonomy":"product_brand","embeddable":true,"href":"https:\/\/mehdi.gvision.pm\/index.php?rest_route=%2Fwp%2Fv2%2Fproduct_brand&post=1550"},{"taxonomy":"product_cat","embeddable":true,"href":"https:\/\/mehdi.gvision.pm\/index.php?rest_route=%2Fwp%2Fv2%2Fproduct_cat&post=1550"},{"taxonomy":"product_tag","embeddable":true,"href":"https:\/\/mehdi.gvision.pm\/index.php?rest_route=%2Fwp%2Fv2%2Fproduct_tag&post=1550"}],"curies":[{"name":"wp","href":"https:\/\/api.w.org\/{rel}","templated":true}]}}