{"id":1552,"date":"2026-05-06T22:41:09","date_gmt":"2026-05-06T20:41:09","guid":{"rendered":"https:\/\/mehdi.gvision.pm\/\/?post_type=product&#038;p=1552"},"modified":"2026-05-07T01:55:11","modified_gmt":"2026-05-06T23:55:11","slug":"salami-de-poulet-avec-poivre-130g","status":"publish","type":"product","link":"https:\/\/mehdi.gvision.pm\/?product=salami-de-poulet-avec-poivre-130g","title":{"rendered":"Salami de poulet avec poivre &#8211; 130g"},"content":{"rendered":"","protected":false},"excerpt":{"rendered":"<p class=\"font-claude-response-body break-words whitespace-normal leading-[1.7]\">Le salam de poulet au poivre Fulya est fabriqu\u00e9 \u00e0 partir de viande de volaille \u00e9lev\u00e9e naturellement. Relev\u00e9 d&#8217;une touche de poivre rouge et d&#8217;\u00e9pices, il apporte du caract\u00e8re \u00e0 vos sandwichs, wraps et plateaux froids. Pratique et savoureux, il est id\u00e9al pour toute la famille.<\/p>\n<p class=\"font-claude-response-body break-words whitespace-normal leading-[1.7]\"><strong>Ingr\u00e9dients :<\/strong> Viande de poulet s\u00e9par\u00e9e m\u00e9caniquement 49%, viande de poulet 13%, eau, graisse de poulet, farine de <strong>bl\u00e9<\/strong>, r\u00e9gulateur d&#8217;acidit\u00e9 : E325, E262, tissu conjonctif de poulet, sel, poivre rouge 1%, dextrose, acidifiant : E575, stabilisants : E450, E452, exhausteur de go\u00fbt : E621, m\u00e9lange d&#8217;\u00e9pices et aromates, antioxydants : E300, E316, l\u00e9gumes s\u00e9ch\u00e9s (ail), conservateur : E250.<\/p>\n<p class=\"font-claude-response-body break-words whitespace-normal leading-[1.7]\"><strong>Allerg\u00e8nes : Contient du gluten (bl\u00e9).<\/strong><\/p>\n<p class=\"font-claude-response-body break-words whitespace-normal leading-[1.7]\">Conservation \u00e0 moins de +7\u00b0C \u2014 Format 130 g \u2014 DLC : 120 jours<\/p>\n","protected":false},"featured_media":1553,"comment_status":"open","ping_status":"closed","template":"","meta":[],"product_brand":[94],"product_cat":[96],"product_tag":[],"class_list":{"0":"post-1552","1":"product","2":"type-product","3":"status-publish","4":"has-post-thumbnail","6":"product_brand-fulya","7":"product_cat-laitiers-fromages","9":"first","10":"instock","11":"taxable","12":"shipping-taxable","13":"product-type-simple"},"_links":{"self":[{"href":"https:\/\/mehdi.gvision.pm\/index.php?rest_route=\/wp\/v2\/product\/1552","targetHints":{"allow":["GET"]}}],"collection":[{"href":"https:\/\/mehdi.gvision.pm\/index.php?rest_route=\/wp\/v2\/product"}],"about":[{"href":"https:\/\/mehdi.gvision.pm\/index.php?rest_route=\/wp\/v2\/types\/product"}],"replies":[{"embeddable":true,"href":"https:\/\/mehdi.gvision.pm\/index.php?rest_route=%2Fwp%2Fv2%2Fcomments&post=1552"}],"version-history":[{"count":1,"href":"https:\/\/mehdi.gvision.pm\/index.php?rest_route=\/wp\/v2\/product\/1552\/revisions"}],"predecessor-version":[{"id":1554,"href":"https:\/\/mehdi.gvision.pm\/index.php?rest_route=\/wp\/v2\/product\/1552\/revisions\/1554"}],"wp:featuredmedia":[{"embeddable":true,"href":"https:\/\/mehdi.gvision.pm\/index.php?rest_route=\/wp\/v2\/media\/1553"}],"wp:attachment":[{"href":"https:\/\/mehdi.gvision.pm\/index.php?rest_route=%2Fwp%2Fv2%2Fmedia&parent=1552"}],"wp:term":[{"taxonomy":"product_brand","embeddable":true,"href":"https:\/\/mehdi.gvision.pm\/index.php?rest_route=%2Fwp%2Fv2%2Fproduct_brand&post=1552"},{"taxonomy":"product_cat","embeddable":true,"href":"https:\/\/mehdi.gvision.pm\/index.php?rest_route=%2Fwp%2Fv2%2Fproduct_cat&post=1552"},{"taxonomy":"product_tag","embeddable":true,"href":"https:\/\/mehdi.gvision.pm\/index.php?rest_route=%2Fwp%2Fv2%2Fproduct_tag&post=1552"}],"curies":[{"name":"wp","href":"https:\/\/api.w.org\/{rel}","templated":true}]}}