{"id":1555,"date":"2026-05-06T22:49:35","date_gmt":"2026-05-06T20:49:35","guid":{"rendered":"https:\/\/mehdi.gvision.pm\/\/?post_type=product&#038;p=1555"},"modified":"2026-05-07T03:25:31","modified_gmt":"2026-05-07T01:25:31","slug":"kadayif-effile-fulya-400-g","status":"publish","type":"product","link":"https:\/\/mehdi.gvision.pm\/?product=kadayif-effile-fulya-400-g","title":{"rendered":"Kaday\u0131f effil\u00e9 Fulya \u2013 400 g"},"content":{"rendered":"","protected":false},"excerpt":{"rendered":"<p class=\"font-claude-response-body break-words whitespace-normal leading-[1.7]\">Le kaday\u0131f effil\u00e9 Fulya est une p\u00e2te fine et filament\u00e9e, incontournable de la p\u00e2tisserie orientale. Fabriqu\u00e9 \u00e0 partir des meilleurs bl\u00e9s par des artisans exp\u00e9riment\u00e9s, il est id\u00e9al pour pr\u00e9parer des desserts traditionnels turcs comme le k\u00fcnefe, la baklava ou d&#8217;autres gourmandises sucr\u00e9es. Sa texture l\u00e9g\u00e8re et croustillante apr\u00e8s cuisson en fait un produit de r\u00e9f\u00e9rence pour les amateurs de douceurs authentiques.<\/p>\n<p class=\"font-claude-response-body break-words whitespace-normal leading-[1.7]\"><strong>Ingr\u00e9dients :<\/strong> Farine de <strong>bl\u00e9<\/strong>, eau, amidon de ma\u00efs, huile de tournesol, sel, conservateur : sorbate de potassium, \u00e9mulsifiant : l\u00e9cithine de <strong>soja<\/strong>.<\/p>\n<p class=\"font-claude-response-body break-words whitespace-normal leading-[1.7]\"><strong>Allerg\u00e8nes : Contient du gluten (bl\u00e9) et du soja.<\/strong><\/p>\n<p class=\"font-claude-response-body break-words whitespace-normal leading-[1.7]\">Conservation \u00e0 moins de 24\u00b0C \u2014 Format 400 g \u2014 DLC : 7 mois<\/p>\n","protected":false},"featured_media":1556,"comment_status":"open","ping_status":"closed","template":"","meta":[],"product_brand":[94],"product_cat":[99],"product_tag":[],"class_list":{"0":"post-1555","1":"product","2":"type-product","3":"status-publish","4":"has-post-thumbnail","6":"product_brand-fulya","7":"product_cat-epicerie-surgeles","9":"first","10":"instock","11":"taxable","12":"shipping-taxable","13":"product-type-simple"},"_links":{"self":[{"href":"https:\/\/mehdi.gvision.pm\/index.php?rest_route=\/wp\/v2\/product\/1555","targetHints":{"allow":["GET"]}}],"collection":[{"href":"https:\/\/mehdi.gvision.pm\/index.php?rest_route=\/wp\/v2\/product"}],"about":[{"href":"https:\/\/mehdi.gvision.pm\/index.php?rest_route=\/wp\/v2\/types\/product"}],"replies":[{"embeddable":true,"href":"https:\/\/mehdi.gvision.pm\/index.php?rest_route=%2Fwp%2Fv2%2Fcomments&post=1555"}],"version-history":[{"count":1,"href":"https:\/\/mehdi.gvision.pm\/index.php?rest_route=\/wp\/v2\/product\/1555\/revisions"}],"predecessor-version":[{"id":1557,"href":"https:\/\/mehdi.gvision.pm\/index.php?rest_route=\/wp\/v2\/product\/1555\/revisions\/1557"}],"wp:featuredmedia":[{"embeddable":true,"href":"https:\/\/mehdi.gvision.pm\/index.php?rest_route=\/wp\/v2\/media\/1556"}],"wp:attachment":[{"href":"https:\/\/mehdi.gvision.pm\/index.php?rest_route=%2Fwp%2Fv2%2Fmedia&parent=1555"}],"wp:term":[{"taxonomy":"product_brand","embeddable":true,"href":"https:\/\/mehdi.gvision.pm\/index.php?rest_route=%2Fwp%2Fv2%2Fproduct_brand&post=1555"},{"taxonomy":"product_cat","embeddable":true,"href":"https:\/\/mehdi.gvision.pm\/index.php?rest_route=%2Fwp%2Fv2%2Fproduct_cat&post=1555"},{"taxonomy":"product_tag","embeddable":true,"href":"https:\/\/mehdi.gvision.pm\/index.php?rest_route=%2Fwp%2Fv2%2Fproduct_tag&post=1555"}],"curies":[{"name":"wp","href":"https:\/\/api.w.org\/{rel}","templated":true}]}}