{"id":1558,"date":"2026-05-06T22:53:20","date_gmt":"2026-05-06T20:53:20","guid":{"rendered":"https:\/\/mehdi.gvision.pm\/\/?post_type=product&#038;p=1558"},"modified":"2026-05-07T01:57:27","modified_gmt":"2026-05-06T23:57:27","slug":"pilaf-de-boulgour-aux-pois-chiches-pret-a-manger","status":"publish","type":"product","link":"https:\/\/mehdi.gvision.pm\/?product=pilaf-de-boulgour-aux-pois-chiches-pret-a-manger","title":{"rendered":"Pilaf de Boulgour aux Pois Chiches Pr\u00eat-\u00e0-Manger\u200b"},"content":{"rendered":"","protected":false},"excerpt":{"rendered":"<p class=\"font-claude-response-body break-words whitespace-normal leading-[1.7]\">Des pois chiches soigneusement s\u00e9lectionn\u00e9s sont associ\u00e9s au boulgour Duru Extra Extra Gros et cuits pour r\u00e9v\u00e9ler une saveur traditionnelle authentique. Conditionn\u00e9 en portions individuelles, sans additifs ni conservateurs, pour un vrai go\u00fbt fait maison en quelques minutes seulement.<\/p>\n<p class=\"font-claude-response-body break-words whitespace-normal leading-[1.7]\"><strong>Pr\u00e9paration :<\/strong><\/p>\n<ul class=\"[li_&amp;]:mb-0 [li_&amp;]:mt-1 [li_&amp;]:gap-1 [&amp;:not(:last-child)_ul]:pb-1 [&amp;:not(:last-child)_ol]:pb-1 list-disc flex flex-col gap-1 pl-8 mb-3\">\n<li class=\"whitespace-normal break-words pl-2\">Micro-ondes : presser l\u00e9g\u00e8rement le sachet, ouvrir sur 2\u20133 cm, chauffer \u00e0 900 W pendant 2 minutes.<\/li>\n<li class=\"whitespace-normal break-words pl-2\">Casserole : verser le contenu, ajouter 2 cuill\u00e8res \u00e0 soupe d&#8217;eau et chauffer 3 minutes.<\/li>\n<\/ul>\n<p class=\"font-claude-response-body break-words whitespace-normal leading-[1.7]\"><strong>Ingr\u00e9dients :<\/strong> Boulgour, pois chiches, beurre, sel, \u00e9pices.<\/p>\n<p class=\"font-claude-response-body break-words whitespace-normal leading-[1.7]\"><strong>Informations nutritionnelles (pour 100g) :<\/strong><\/p>\n<ul class=\"[li_&amp;]:mb-0 [li_&amp;]:mt-1 [li_&amp;]:gap-1 [&amp;:not(:last-child)_ul]:pb-1 [&amp;:not(:last-child)_ol]:pb-1 list-disc flex flex-col gap-1 pl-8 mb-3\">\n<li class=\"whitespace-normal break-words pl-2\">\u00c9nergie : 858 kJ \/ 205 kcal<\/li>\n<li class=\"whitespace-normal break-words pl-2\">Lipides : 7 g dont graisses satur\u00e9es : 2,3 g<\/li>\n<li class=\"whitespace-normal break-words pl-2\">Glucides : 26,2 g dont sucres : 0,7 g<\/li>\n<li class=\"whitespace-normal break-words pl-2\">Fibres : 6,5 g<\/li>\n<li class=\"whitespace-normal break-words pl-2\">Prot\u00e9ines : 6 g<\/li>\n<li class=\"whitespace-normal break-words pl-2\">Sel : 1 g<\/li>\n<\/ul>\n<p class=\"font-claude-response-body break-words whitespace-normal leading-[1.7]\"><strong>Allerg\u00e8nes : Contient du gluten de bl\u00e9 et des produits laitiers.<\/strong><\/p>\n<p class=\"font-claude-response-body break-words whitespace-normal leading-[1.7]\">Origine : Turquie \u2014 Sans additifs ni conservateurs \u2014 Format 250 g \u2014 DLC : 2 ans \u2014 Conserver dans un endroit frais et sec, \u00e0 l&#8217;abri du soleil.<\/p>\n","protected":false},"featured_media":1559,"comment_status":"open","ping_status":"closed","template":"","meta":[],"product_brand":[92],"product_cat":[97],"product_tag":[],"class_list":{"0":"post-1558","1":"product","2":"type-product","3":"status-publish","4":"has-post-thumbnail","6":"product_brand-duru","7":"product_cat-legumineuses-cereales","9":"first","10":"instock","11":"taxable","12":"shipping-taxable","13":"product-type-simple"},"_links":{"self":[{"href":"https:\/\/mehdi.gvision.pm\/index.php?rest_route=\/wp\/v2\/product\/1558","targetHints":{"allow":["GET"]}}],"collection":[{"href":"https:\/\/mehdi.gvision.pm\/index.php?rest_route=\/wp\/v2\/product"}],"about":[{"href":"https:\/\/mehdi.gvision.pm\/index.php?rest_route=\/wp\/v2\/types\/product"}],"replies":[{"embeddable":true,"href":"https:\/\/mehdi.gvision.pm\/index.php?rest_route=%2Fwp%2Fv2%2Fcomments&post=1558"}],"version-history":[{"count":1,"href":"https:\/\/mehdi.gvision.pm\/index.php?rest_route=\/wp\/v2\/product\/1558\/revisions"}],"predecessor-version":[{"id":1560,"href":"https:\/\/mehdi.gvision.pm\/index.php?rest_route=\/wp\/v2\/product\/1558\/revisions\/1560"}],"wp:featuredmedia":[{"embeddable":true,"href":"https:\/\/mehdi.gvision.pm\/index.php?rest_route=\/wp\/v2\/media\/1559"}],"wp:attachment":[{"href":"https:\/\/mehdi.gvision.pm\/index.php?rest_route=%2Fwp%2Fv2%2Fmedia&parent=1558"}],"wp:term":[{"taxonomy":"product_brand","embeddable":true,"href":"https:\/\/mehdi.gvision.pm\/index.php?rest_route=%2Fwp%2Fv2%2Fproduct_brand&post=1558"},{"taxonomy":"product_cat","embeddable":true,"href":"https:\/\/mehdi.gvision.pm\/index.php?rest_route=%2Fwp%2Fv2%2Fproduct_cat&post=1558"},{"taxonomy":"product_tag","embeddable":true,"href":"https:\/\/mehdi.gvision.pm\/index.php?rest_route=%2Fwp%2Fv2%2Fproduct_tag&post=1558"}],"curies":[{"name":"wp","href":"https:\/\/api.w.org\/{rel}","templated":true}]}}