{"id":1561,"date":"2026-05-06T22:56:07","date_gmt":"2026-05-06T20:56:07","guid":{"rendered":"https:\/\/mehdi.gvision.pm\/\/?post_type=product&#038;p=1561"},"modified":"2026-05-07T01:58:13","modified_gmt":"2026-05-06T23:58:13","slug":"haricots-rouges-en-sauce-chili-prets-a-manger","status":"publish","type":"product","link":"https:\/\/mehdi.gvision.pm\/?product=haricots-rouges-en-sauce-chili-prets-a-manger","title":{"rendered":"Haricots Rouges en Sauce Chili Pr\u00eats-\u00e0-Manger"},"content":{"rendered":"","protected":false},"excerpt":{"rendered":"<p class=\"font-claude-response-body break-words whitespace-normal leading-[1.7]\">Les haricots rouges Duru en sauce chili sont cuisin\u00e9s avec de la sauce tomate et des l\u00e9gumes, offrant un go\u00fbt d\u00e9licieux et parfum\u00e9. Conditionn\u00e9s en portions individuelles, sans additifs ni conservateurs, pour une saveur digne du fait maison en un instant.<\/p>\n<p class=\"font-claude-response-body break-words whitespace-normal leading-[1.7]\"><strong>Pr\u00e9paration :<\/strong> Ouvrir le haut du sachet \u00e0 l&#8217;endroit indiqu\u00e9, verser dans une assiette et d\u00e9guster. Vous pouvez ajouter une garniture selon votre go\u00fbt.<\/p>\n<p class=\"font-claude-response-body break-words whitespace-normal leading-[1.7]\"><strong>Ingr\u00e9dients :<\/strong> Haricots rouges, sauce tomate, l\u00e9gumes, sel, \u00e9pices.<\/p>\n<p class=\"font-claude-response-body break-words whitespace-normal leading-[1.7]\"><strong>Informations nutritionnelles (pour 100g) :<\/strong><\/p>\n<ul class=\"[li_&amp;]:mb-0 [li_&amp;]:mt-1 [li_&amp;]:gap-1 [&amp;:not(:last-child)_ul]:pb-1 [&amp;:not(:last-child)_ol]:pb-1 list-disc flex flex-col gap-1 pl-8 mb-3\">\n<li class=\"whitespace-normal break-words pl-2\">\u00c9nergie : 381 kJ \/ 91 kcal<\/li>\n<li class=\"whitespace-normal break-words pl-2\">Lipides : 2,5 g dont graisses satur\u00e9es : 0,7 g<\/li>\n<li class=\"whitespace-normal break-words pl-2\">Glucides : 5,9 g dont sucres : 1 g<\/li>\n<li class=\"whitespace-normal break-words pl-2\">Fibres : 9,9 g<\/li>\n<li class=\"whitespace-normal break-words pl-2\">Prot\u00e9ines : 6,2 g<\/li>\n<li class=\"whitespace-normal break-words pl-2\">Sel : 0,10 g<\/li>\n<\/ul>\n<p class=\"font-claude-response-body break-words whitespace-normal leading-[1.7]\">Origine : Turquie \u2014 Sans additifs ni conservateurs \u2014 Format 400 g (3 portions) \u2014 DLC : 2 ans \u2014 Conserver dans un endroit frais et sec, \u00e0 l&#8217;abri du soleil.<\/p>\n","protected":false},"featured_media":1562,"comment_status":"open","ping_status":"closed","template":"","meta":[],"product_brand":[92],"product_cat":[97],"product_tag":[],"class_list":{"0":"post-1561","1":"product","2":"type-product","3":"status-publish","4":"has-post-thumbnail","6":"product_brand-duru","7":"product_cat-legumineuses-cereales","9":"first","10":"instock","11":"taxable","12":"shipping-taxable","13":"product-type-simple"},"_links":{"self":[{"href":"https:\/\/mehdi.gvision.pm\/index.php?rest_route=\/wp\/v2\/product\/1561","targetHints":{"allow":["GET"]}}],"collection":[{"href":"https:\/\/mehdi.gvision.pm\/index.php?rest_route=\/wp\/v2\/product"}],"about":[{"href":"https:\/\/mehdi.gvision.pm\/index.php?rest_route=\/wp\/v2\/types\/product"}],"replies":[{"embeddable":true,"href":"https:\/\/mehdi.gvision.pm\/index.php?rest_route=%2Fwp%2Fv2%2Fcomments&post=1561"}],"version-history":[{"count":2,"href":"https:\/\/mehdi.gvision.pm\/index.php?rest_route=\/wp\/v2\/product\/1561\/revisions"}],"predecessor-version":[{"id":1564,"href":"https:\/\/mehdi.gvision.pm\/index.php?rest_route=\/wp\/v2\/product\/1561\/revisions\/1564"}],"wp:featuredmedia":[{"embeddable":true,"href":"https:\/\/mehdi.gvision.pm\/index.php?rest_route=\/wp\/v2\/media\/1562"}],"wp:attachment":[{"href":"https:\/\/mehdi.gvision.pm\/index.php?rest_route=%2Fwp%2Fv2%2Fmedia&parent=1561"}],"wp:term":[{"taxonomy":"product_brand","embeddable":true,"href":"https:\/\/mehdi.gvision.pm\/index.php?rest_route=%2Fwp%2Fv2%2Fproduct_brand&post=1561"},{"taxonomy":"product_cat","embeddable":true,"href":"https:\/\/mehdi.gvision.pm\/index.php?rest_route=%2Fwp%2Fv2%2Fproduct_cat&post=1561"},{"taxonomy":"product_tag","embeddable":true,"href":"https:\/\/mehdi.gvision.pm\/index.php?rest_route=%2Fwp%2Fv2%2Fproduct_tag&post=1561"}],"curies":[{"name":"wp","href":"https:\/\/api.w.org\/{rel}","templated":true}]}}