{"id":1568,"date":"2026-05-06T23:08:11","date_gmt":"2026-05-06T21:08:11","guid":{"rendered":"https:\/\/mehdi.gvision.pm\/\/?post_type=product&#038;p=1568"},"modified":"2026-05-07T01:59:13","modified_gmt":"2026-05-06T23:59:13","slug":"cacahuetes-besler-100-naturelles","status":"publish","type":"product","link":"https:\/\/mehdi.gvision.pm\/?product=cacahuetes-besler-100-naturelles","title":{"rendered":"Cacahu\u00e8tes Besler \u2013 100% naturelles"},"content":{"rendered":"","protected":false},"excerpt":{"rendered":"<p class=\"font-claude-response-body break-words whitespace-normal leading-[1.7]\">Les cacahu\u00e8tes Besler sont cultiv\u00e9es naturellement, sans engrais chimiques ni pesticides, pour vous garantir un produit pur et savoureux. Croquantes et gourmandes, elles sont une excellente source de prot\u00e9ines v\u00e9g\u00e9tales, de niacine, de folate, de vitamine E et de bonnes graisses. Parfaites en snack, dans vos plats, sauces ou p\u00e2tisseries, elles s&#8217;adaptent \u00e0 toutes vos recettes.<\/p>\n<p class=\"font-claude-response-body break-words whitespace-normal leading-[1.7]\"><strong>Bienfaits :<\/strong><\/p>\n<ul class=\"[li_&amp;]:mb-0 [li_&amp;]:mt-1 [li_&amp;]:gap-1 [&amp;:not(:last-child)_ul]:pb-1 [&amp;:not(:last-child)_ol]:pb-1 list-disc flex flex-col gap-1 pl-8 mb-3\">\n<li class=\"whitespace-normal break-words pl-2\">Soutient la sant\u00e9 cardiovasculaire<\/li>\n<li class=\"whitespace-normal break-words pl-2\">Riche en prot\u00e9ines et fibres pour une sati\u00e9t\u00e9 durable<\/li>\n<li class=\"whitespace-normal break-words pl-2\">Source de vitamines E et du complexe B<\/li>\n<li class=\"whitespace-normal break-words pl-2\">Contribue \u00e0 la sant\u00e9 osseuse et au bon fonctionnement du syst\u00e8me nerveux<\/li>\n<\/ul>\n<p class=\"font-claude-response-body break-words whitespace-normal leading-[1.7]\"><strong>Informations nutritionnelles (pour 100g) :<\/strong><\/p>\n<ul class=\"[li_&amp;]:mb-0 [li_&amp;]:mt-1 [li_&amp;]:gap-1 [&amp;:not(:last-child)_ul]:pb-1 [&amp;:not(:last-child)_ol]:pb-1 list-disc flex flex-col gap-1 pl-8 mb-3\">\n<li class=\"whitespace-normal break-words pl-2\">\u00c9nergie : 2155 kJ \/ 515 kcal<\/li>\n<li class=\"whitespace-normal break-words pl-2\">Lipides : 3,2 g dont graisses satur\u00e9es : 8,8 g<\/li>\n<li class=\"whitespace-normal break-words pl-2\">Glucides : 55 g dont sucres : 9,2 g<\/li>\n<li class=\"whitespace-normal break-words pl-2\">Fibres : 3,2 g<\/li>\n<li class=\"whitespace-normal break-words pl-2\">Prot\u00e9ines : 5,7 g<\/li>\n<li class=\"whitespace-normal break-words pl-2\">Sel : 3,1 g<\/li>\n<\/ul>\n<p class=\"font-claude-response-body break-words whitespace-normal leading-[1.7]\"><strong>Allerg\u00e8nes : Contient des arachides.<\/strong><\/p>\n<p class=\"font-claude-response-body break-words whitespace-normal leading-[1.7]\">Conserver dans un endroit frais, sec et \u00e0 l&#8217;abri de la lumi\u00e8re dans un contenant herm\u00e9tique.<\/p>\n","protected":false},"featured_media":1569,"comment_status":"open","ping_status":"closed","template":"","meta":[],"product_brand":[95],"product_cat":[98],"product_tag":[],"class_list":{"0":"post-1568","1":"product","2":"type-product","3":"status-publish","4":"has-post-thumbnail","6":"product_brand-besler","7":"product_cat-snacks-fruits-secs","9":"first","10":"instock","11":"taxable","12":"shipping-taxable","13":"product-type-simple"},"_links":{"self":[{"href":"https:\/\/mehdi.gvision.pm\/index.php?rest_route=\/wp\/v2\/product\/1568","targetHints":{"allow":["GET"]}}],"collection":[{"href":"https:\/\/mehdi.gvision.pm\/index.php?rest_route=\/wp\/v2\/product"}],"about":[{"href":"https:\/\/mehdi.gvision.pm\/index.php?rest_route=\/wp\/v2\/types\/product"}],"replies":[{"embeddable":true,"href":"https:\/\/mehdi.gvision.pm\/index.php?rest_route=%2Fwp%2Fv2%2Fcomments&post=1568"}],"version-history":[{"count":2,"href":"https:\/\/mehdi.gvision.pm\/index.php?rest_route=\/wp\/v2\/product\/1568\/revisions"}],"predecessor-version":[{"id":1571,"href":"https:\/\/mehdi.gvision.pm\/index.php?rest_route=\/wp\/v2\/product\/1568\/revisions\/1571"}],"wp:featuredmedia":[{"embeddable":true,"href":"https:\/\/mehdi.gvision.pm\/index.php?rest_route=\/wp\/v2\/media\/1569"}],"wp:attachment":[{"href":"https:\/\/mehdi.gvision.pm\/index.php?rest_route=%2Fwp%2Fv2%2Fmedia&parent=1568"}],"wp:term":[{"taxonomy":"product_brand","embeddable":true,"href":"https:\/\/mehdi.gvision.pm\/index.php?rest_route=%2Fwp%2Fv2%2Fproduct_brand&post=1568"},{"taxonomy":"product_cat","embeddable":true,"href":"https:\/\/mehdi.gvision.pm\/index.php?rest_route=%2Fwp%2Fv2%2Fproduct_cat&post=1568"},{"taxonomy":"product_tag","embeddable":true,"href":"https:\/\/mehdi.gvision.pm\/index.php?rest_route=%2Fwp%2Fv2%2Fproduct_tag&post=1568"}],"curies":[{"name":"wp","href":"https:\/\/api.w.org\/{rel}","templated":true}]}}