{"id":1572,"date":"2026-05-06T23:12:04","date_gmt":"2026-05-06T21:12:04","guid":{"rendered":"https:\/\/mehdi.gvision.pm\/\/?post_type=product&#038;p=1572"},"modified":"2026-05-07T02:00:13","modified_gmt":"2026-05-07T00:00:13","slug":"raisins-secs-besler-100-naturels","status":"publish","type":"product","link":"https:\/\/mehdi.gvision.pm\/?product=raisins-secs-besler-100-naturels","title":{"rendered":"Raisins secs Besler \u2013 100% naturels"},"content":{"rendered":"","protected":false},"excerpt":{"rendered":"<p class=\"font-claude-response-body break-words whitespace-normal leading-[1.7]\">Les raisins secs Besler sont s\u00e9ch\u00e9s naturellement, sans additifs ni conservateurs, pour pr\u00e9server toute leur saveur et leurs nutriments essentiels. Moelleux et sucr\u00e9s, ils sont une excellente source de fibres, de potassium, de fer et d&#8217;antioxydants. Parfaits en snack, sur vos c\u00e9r\u00e9ales, dans vos p\u00e2tisseries ou vos plats cuisin\u00e9s, ils apportent une touche de douceur naturelle \u00e0 toutes vos recettes.<\/p>\n<p class=\"font-claude-response-body break-words whitespace-normal leading-[1.7]\"><strong>Bienfaits :<\/strong><\/p>\n<ul class=\"[li_&amp;]:mb-0 [li_&amp;]:mt-1 [li_&amp;]:gap-1 [&amp;:not(:last-child)_ul]:pb-1 [&amp;:not(:last-child)_ol]:pb-1 list-disc flex flex-col gap-1 pl-8 mb-3\">\n<li class=\"whitespace-normal break-words pl-2\">Soutient la sant\u00e9 cardiovasculaire gr\u00e2ce au potassium et aux antioxydants<\/li>\n<li class=\"whitespace-normal break-words pl-2\">Source de fer, essentiel pour le transport de l&#8217;oxyg\u00e8ne dans le corps<\/li>\n<li class=\"whitespace-normal break-words pl-2\">Riche en fibres pour une bonne digestion<\/li>\n<li class=\"whitespace-normal break-words pl-2\">Fournit une \u00e9nergie rapide et naturelle<\/li>\n<\/ul>\n<p class=\"font-claude-response-body break-words whitespace-normal leading-[1.7]\"><strong>Informations nutritionnelles (pour 100g) :<\/strong><\/p>\n<ul class=\"[li_&amp;]:mb-0 [li_&amp;]:mt-1 [li_&amp;]:gap-1 [&amp;:not(:last-child)_ul]:pb-1 [&amp;:not(:last-child)_ol]:pb-1 list-disc flex flex-col gap-1 pl-8 mb-3\">\n<li class=\"whitespace-normal break-words pl-2\">\u00c9nergie : 1276 kJ \/ 305 kcal<\/li>\n<li class=\"whitespace-normal break-words pl-2\">Lipides : 0,2 g dont graisses satur\u00e9es : 0,01 g<\/li>\n<li class=\"whitespace-normal break-words pl-2\">Glucides : 71 g dont sucres : 45,0 g<\/li>\n<li class=\"whitespace-normal break-words pl-2\">Fibres : 5,1 g<\/li>\n<li class=\"whitespace-normal break-words pl-2\">Prot\u00e9ines : 2,4 g<\/li>\n<li class=\"whitespace-normal break-words pl-2\">Sel : 0,01 g<\/li>\n<\/ul>\n<p class=\"font-claude-response-body break-words whitespace-normal leading-[1.7]\">Sans additifs ni conservateurs \u2014 100% naturels \u2014 Conserver dans un endroit frais, sec et \u00e0 l&#8217;abri de la lumi\u00e8re dans un contenant herm\u00e9tique.<\/p>\n","protected":false},"featured_media":1488,"comment_status":"open","ping_status":"closed","template":"","meta":[],"product_brand":[95],"product_cat":[98],"product_tag":[],"class_list":{"0":"post-1572","1":"product","2":"type-product","3":"status-publish","4":"has-post-thumbnail","6":"product_brand-besler","7":"product_cat-snacks-fruits-secs","9":"first","10":"instock","11":"taxable","12":"shipping-taxable","13":"product-type-simple"},"_links":{"self":[{"href":"https:\/\/mehdi.gvision.pm\/index.php?rest_route=\/wp\/v2\/product\/1572","targetHints":{"allow":["GET"]}}],"collection":[{"href":"https:\/\/mehdi.gvision.pm\/index.php?rest_route=\/wp\/v2\/product"}],"about":[{"href":"https:\/\/mehdi.gvision.pm\/index.php?rest_route=\/wp\/v2\/types\/product"}],"replies":[{"embeddable":true,"href":"https:\/\/mehdi.gvision.pm\/index.php?rest_route=%2Fwp%2Fv2%2Fcomments&post=1572"}],"version-history":[{"count":1,"href":"https:\/\/mehdi.gvision.pm\/index.php?rest_route=\/wp\/v2\/product\/1572\/revisions"}],"predecessor-version":[{"id":1573,"href":"https:\/\/mehdi.gvision.pm\/index.php?rest_route=\/wp\/v2\/product\/1572\/revisions\/1573"}],"wp:featuredmedia":[{"embeddable":true,"href":"https:\/\/mehdi.gvision.pm\/index.php?rest_route=\/wp\/v2\/media\/1488"}],"wp:attachment":[{"href":"https:\/\/mehdi.gvision.pm\/index.php?rest_route=%2Fwp%2Fv2%2Fmedia&parent=1572"}],"wp:term":[{"taxonomy":"product_brand","embeddable":true,"href":"https:\/\/mehdi.gvision.pm\/index.php?rest_route=%2Fwp%2Fv2%2Fproduct_brand&post=1572"},{"taxonomy":"product_cat","embeddable":true,"href":"https:\/\/mehdi.gvision.pm\/index.php?rest_route=%2Fwp%2Fv2%2Fproduct_cat&post=1572"},{"taxonomy":"product_tag","embeddable":true,"href":"https:\/\/mehdi.gvision.pm\/index.php?rest_route=%2Fwp%2Fv2%2Fproduct_tag&post=1572"}],"curies":[{"name":"wp","href":"https:\/\/api.w.org\/{rel}","templated":true}]}}