{"id":1574,"date":"2026-05-06T23:16:18","date_gmt":"2026-05-06T21:16:18","guid":{"rendered":"https:\/\/mehdi.gvision.pm\/\/?post_type=product&#038;p=1574"},"modified":"2026-05-07T02:00:16","modified_gmt":"2026-05-07T00:00:16","slug":"pois-chiches-rotis-besler-100-naturels","status":"publish","type":"product","link":"https:\/\/mehdi.gvision.pm\/?product=pois-chiches-rotis-besler-100-naturels","title":{"rendered":"Pois chiches r\u00f4tis Besler \u2013 100% naturels"},"content":{"rendered":"","protected":false},"excerpt":{"rendered":"<p class=\"font-claude-response-body break-words whitespace-normal leading-[1.7]\">Les pois chiches r\u00f4tis Besler sont pr\u00e9par\u00e9s naturellement, sans engrais chimiques ni pesticides, pour vous offrir un snack croustillant, sain et savoureux. Riches en fibres, en prot\u00e9ines v\u00e9g\u00e9tales et en fer, ils constituent une collation id\u00e9ale pour toute la journ\u00e9e. Parfaits seuls, sur vos salades ou comme accompagnement de vos plats, ils apportent du croquant et de la nutrition \u00e0 chaque bouch\u00e9e.<\/p>\n<p class=\"font-claude-response-body break-words whitespace-normal leading-[1.7]\"><strong>Bienfaits :<\/strong><\/p>\n<ul class=\"[li_&amp;]:mb-0 [li_&amp;]:mt-1 [li_&amp;]:gap-1 [&amp;:not(:last-child)_ul]:pb-1 [&amp;:not(:last-child)_ol]:pb-1 list-disc flex flex-col gap-1 pl-8 mb-3\">\n<li class=\"whitespace-normal break-words pl-2\">Riche en prot\u00e9ines et fibres pour une sati\u00e9t\u00e9 durable<\/li>\n<li class=\"whitespace-normal break-words pl-2\">Source de fer, essentiel pour la production d&#8217;\u00e9nergie<\/li>\n<li class=\"whitespace-normal break-words pl-2\">Soutient la sant\u00e9 cardiovasculaire et digestive<\/li>\n<li class=\"whitespace-normal break-words pl-2\">Contribue \u00e0 la sant\u00e9 osseuse gr\u00e2ce au magn\u00e9sium<\/li>\n<\/ul>\n<p class=\"font-claude-response-body break-words whitespace-normal leading-[1.7]\"><strong>Informations nutritionnelles (pour 100g) :<\/strong><\/p>\n<ul class=\"[li_&amp;]:mb-0 [li_&amp;]:mt-1 [li_&amp;]:gap-1 [&amp;:not(:last-child)_ul]:pb-1 [&amp;:not(:last-child)_ol]:pb-1 list-disc flex flex-col gap-1 pl-8 mb-3\">\n<li class=\"whitespace-normal break-words pl-2\">\u00c9nergie : 1385 kJ \/ 331 kcal<\/li>\n<li class=\"whitespace-normal break-words pl-2\">Lipides : 7,4 g dont graisses satur\u00e9es : 1,0 g<\/li>\n<li class=\"whitespace-normal break-words pl-2\">Glucides : 68 g dont sucres : 4,1 g<\/li>\n<li class=\"whitespace-normal break-words pl-2\">Fibres : 22,0 g<\/li>\n<li class=\"whitespace-normal break-words pl-2\">Prot\u00e9ines : 20,6 g<\/li>\n<li class=\"whitespace-normal break-words pl-2\">Sel : 0,01 g<\/li>\n<\/ul>\n<p class=\"font-claude-response-body break-words whitespace-normal leading-[1.7]\">Sans additifs ni conservateurs \u2014 100% naturels \u2014 Conserver dans un endroit frais, sec et \u00e0 l&#8217;abri de la lumi\u00e8re dans un contenant herm\u00e9tique.<\/p>\n","protected":false},"featured_media":1575,"comment_status":"open","ping_status":"closed","template":"","meta":[],"product_brand":[95],"product_cat":[98],"product_tag":[],"class_list":{"0":"post-1574","1":"product","2":"type-product","3":"status-publish","4":"has-post-thumbnail","6":"product_brand-besler","7":"product_cat-snacks-fruits-secs","9":"first","10":"instock","11":"taxable","12":"shipping-taxable","13":"product-type-simple"},"_links":{"self":[{"href":"https:\/\/mehdi.gvision.pm\/index.php?rest_route=\/wp\/v2\/product\/1574","targetHints":{"allow":["GET"]}}],"collection":[{"href":"https:\/\/mehdi.gvision.pm\/index.php?rest_route=\/wp\/v2\/product"}],"about":[{"href":"https:\/\/mehdi.gvision.pm\/index.php?rest_route=\/wp\/v2\/types\/product"}],"replies":[{"embeddable":true,"href":"https:\/\/mehdi.gvision.pm\/index.php?rest_route=%2Fwp%2Fv2%2Fcomments&post=1574"}],"version-history":[{"count":1,"href":"https:\/\/mehdi.gvision.pm\/index.php?rest_route=\/wp\/v2\/product\/1574\/revisions"}],"predecessor-version":[{"id":1576,"href":"https:\/\/mehdi.gvision.pm\/index.php?rest_route=\/wp\/v2\/product\/1574\/revisions\/1576"}],"wp:featuredmedia":[{"embeddable":true,"href":"https:\/\/mehdi.gvision.pm\/index.php?rest_route=\/wp\/v2\/media\/1575"}],"wp:attachment":[{"href":"https:\/\/mehdi.gvision.pm\/index.php?rest_route=%2Fwp%2Fv2%2Fmedia&parent=1574"}],"wp:term":[{"taxonomy":"product_brand","embeddable":true,"href":"https:\/\/mehdi.gvision.pm\/index.php?rest_route=%2Fwp%2Fv2%2Fproduct_brand&post=1574"},{"taxonomy":"product_cat","embeddable":true,"href":"https:\/\/mehdi.gvision.pm\/index.php?rest_route=%2Fwp%2Fv2%2Fproduct_cat&post=1574"},{"taxonomy":"product_tag","embeddable":true,"href":"https:\/\/mehdi.gvision.pm\/index.php?rest_route=%2Fwp%2Fv2%2Fproduct_tag&post=1574"}],"curies":[{"name":"wp","href":"https:\/\/api.w.org\/{rel}","templated":true}]}}