{"id":1580,"date":"2026-05-06T23:28:16","date_gmt":"2026-05-06T21:28:16","guid":{"rendered":"https:\/\/mehdi.gvision.pm\/\/?post_type=product&#038;p=1580"},"modified":"2026-05-07T03:25:11","modified_gmt":"2026-05-07T01:25:11","slug":"graines-de-tournesol-dakota-besler-100-naturelles","status":"publish","type":"product","link":"https:\/\/mehdi.gvision.pm\/?product=graines-de-tournesol-dakota-besler-100-naturelles","title":{"rendered":"Graines de tournesol Dakota Besler \u2013 100% naturelles"},"content":{"rendered":"","protected":false},"excerpt":{"rendered":"<p class=\"font-claude-response-body break-words whitespace-normal leading-[1.7]\">Les graines de tournesol Dakota Besler sont cultiv\u00e9es naturellement, sans engrais chimiques ni pesticides, pour vous offrir un snack croquant, sain et savoureux. Disponibles en version nature, sal\u00e9e ou r\u00f4tie, elles sont une excellente source de vitamine E, de magn\u00e9sium, de bonnes graisses et de prot\u00e9ines v\u00e9g\u00e9tales. Parfaites en snack, sur vos salades, c\u00e9r\u00e9ales ou plats cuisin\u00e9s, elles s&#8217;adaptent \u00e0 toutes vos envies.<\/p>\n<p class=\"font-claude-response-body break-words whitespace-normal leading-[1.7]\"><strong>Bienfaits :<\/strong><\/p>\n<ul class=\"[li_&amp;]:mb-0 [li_&amp;]:mt-1 [li_&amp;]:gap-1 [&amp;:not(:last-child)_ul]:pb-1 [&amp;:not(:last-child)_ol]:pb-1 list-disc flex flex-col gap-1 pl-8 mb-3\">\n<li class=\"whitespace-normal break-words pl-2\">Riche en vitamine E, un puissant antioxydant protecteur des cellules<\/li>\n<li class=\"whitespace-normal break-words pl-2\">Soutient la sant\u00e9 cardiovasculaire gr\u00e2ce aux bonnes graisses insatur\u00e9es<\/li>\n<li class=\"whitespace-normal break-words pl-2\">Source de magn\u00e9sium pour la sant\u00e9 osseuse et le bon fonctionnement du syst\u00e8me nerveux<\/li>\n<li class=\"whitespace-normal break-words pl-2\">Riche en s\u00e9l\u00e9nium pour renforcer le syst\u00e8me immunitaire<\/li>\n<\/ul>\n<p class=\"font-claude-response-body break-words whitespace-normal leading-[1.7]\"><strong>Informations nutritionnelles (pour 100g) :<\/strong><\/p>\n<ul class=\"[li_&amp;]:mb-0 [li_&amp;]:mt-1 [li_&amp;]:gap-1 [&amp;:not(:last-child)_ul]:pb-1 [&amp;:not(:last-child)_ol]:pb-1 list-disc flex flex-col gap-1 pl-8 mb-3\">\n<li class=\"whitespace-normal break-words pl-2\">\u00c9nergie : 1276 kJ \/ 305 kcal<\/li>\n<li class=\"whitespace-normal break-words pl-2\">Lipides : 0,2 g dont graisses satur\u00e9es : 0,01 g<\/li>\n<li class=\"whitespace-normal break-words pl-2\">Glucides : 71 g dont sucres : 45,0 g<\/li>\n<li class=\"whitespace-normal break-words pl-2\">Fibres : 5,1 g<\/li>\n<li class=\"whitespace-normal break-words pl-2\">Prot\u00e9ines : 2,4 g<\/li>\n<li class=\"whitespace-normal break-words pl-2\">Sel : 0,01 g<\/li>\n<\/ul>\n<p class=\"font-claude-response-body break-words whitespace-normal leading-[1.7]\">Sans additifs ni conservateurs \u2014 100% naturelles \u2014 Disponibles en plusieurs formats et saveurs \u2014 Conserver dans un endroit frais, sec et \u00e0 l&#8217;abri de la lumi\u00e8re dans un contenant herm\u00e9tique.<\/p>\n","protected":false},"featured_media":1581,"comment_status":"open","ping_status":"closed","template":"","meta":[],"product_brand":[95],"product_cat":[98],"product_tag":[],"class_list":{"0":"post-1580","1":"product","2":"type-product","3":"status-publish","4":"has-post-thumbnail","6":"product_brand-besler","7":"product_cat-snacks-fruits-secs","9":"first","10":"instock","11":"taxable","12":"shipping-taxable","13":"product-type-simple"},"_links":{"self":[{"href":"https:\/\/mehdi.gvision.pm\/index.php?rest_route=\/wp\/v2\/product\/1580","targetHints":{"allow":["GET"]}}],"collection":[{"href":"https:\/\/mehdi.gvision.pm\/index.php?rest_route=\/wp\/v2\/product"}],"about":[{"href":"https:\/\/mehdi.gvision.pm\/index.php?rest_route=\/wp\/v2\/types\/product"}],"replies":[{"embeddable":true,"href":"https:\/\/mehdi.gvision.pm\/index.php?rest_route=%2Fwp%2Fv2%2Fcomments&post=1580"}],"version-history":[{"count":1,"href":"https:\/\/mehdi.gvision.pm\/index.php?rest_route=\/wp\/v2\/product\/1580\/revisions"}],"predecessor-version":[{"id":1582,"href":"https:\/\/mehdi.gvision.pm\/index.php?rest_route=\/wp\/v2\/product\/1580\/revisions\/1582"}],"wp:featuredmedia":[{"embeddable":true,"href":"https:\/\/mehdi.gvision.pm\/index.php?rest_route=\/wp\/v2\/media\/1581"}],"wp:attachment":[{"href":"https:\/\/mehdi.gvision.pm\/index.php?rest_route=%2Fwp%2Fv2%2Fmedia&parent=1580"}],"wp:term":[{"taxonomy":"product_brand","embeddable":true,"href":"https:\/\/mehdi.gvision.pm\/index.php?rest_route=%2Fwp%2Fv2%2Fproduct_brand&post=1580"},{"taxonomy":"product_cat","embeddable":true,"href":"https:\/\/mehdi.gvision.pm\/index.php?rest_route=%2Fwp%2Fv2%2Fproduct_cat&post=1580"},{"taxonomy":"product_tag","embeddable":true,"href":"https:\/\/mehdi.gvision.pm\/index.php?rest_route=%2Fwp%2Fv2%2Fproduct_tag&post=1580"}],"curies":[{"name":"wp","href":"https:\/\/api.w.org\/{rel}","templated":true}]}}