{"id":1583,"date":"2026-05-06T23:31:54","date_gmt":"2026-05-06T21:31:54","guid":{"rendered":"https:\/\/mehdi.gvision.pm\/\/?post_type=product&#038;p=1583"},"modified":"2026-05-07T01:55:06","modified_gmt":"2026-05-06T23:55:06","slug":"fromage-blanc-kombi-yayla-800-g","status":"publish","type":"product","link":"https:\/\/mehdi.gvision.pm\/?product=fromage-blanc-kombi-yayla-800-g","title":{"rendered":"Fromage blanc Kombi Yayla \u2013 800 g"},"content":{"rendered":"","protected":false},"excerpt":{"rendered":"<p class=\"font-claude-response-body break-words whitespace-normal leading-[1.7]\">Le fromage blanc Kombi Yayla est un fromage \u00e0 p\u00e2te fra\u00eeche pr\u00e9par\u00e9 \u00e0 partir de lait de vache \u00e9cr\u00e9m\u00e9, id\u00e9al pour accompagner vos petits-d\u00e9jeuners, mezze et plats orientaux. Sa texture cr\u00e9meuse et son go\u00fbt l\u00e9g\u00e8rement sal\u00e9 en font un incontournable de la cuisine turque. \u00c0 d\u00e9guster seul, avec des olives, du pain ou dans vos recettes sal\u00e9es.<\/p>\n<p class=\"font-claude-response-body break-words whitespace-normal leading-[1.7]\"><strong>Ingr\u00e9dients :<\/strong> Lait de vache \u00e9cr\u00e9m\u00e9, huile v\u00e9g\u00e9tale (huile de palme), sel, pr\u00e9sure microbienne, cultures lactiques.<\/p>\n<p class=\"font-claude-response-body break-words whitespace-normal leading-[1.7]\"><strong>Informations nutritionnelles (pour 100g) :<\/strong><\/p>\n<ul class=\"[li_&amp;]:mb-0 [li_&amp;]:mt-1 [li_&amp;]:gap-1 [&amp;:not(:last-child)_ul]:pb-1 [&amp;:not(:last-child)_ol]:pb-1 list-disc flex flex-col gap-1 pl-8 mb-3\">\n<li class=\"whitespace-normal break-words pl-2\">\u00c9nergie : 1084 kJ \/ 262 kcal<\/li>\n<li class=\"whitespace-normal break-words pl-2\">Lipides : 24 g dont acides gras satur\u00e9s : 15,7 g<\/li>\n<li class=\"whitespace-normal break-words pl-2\">Glucides : 1,5 g dont sucres : 1,5 g<\/li>\n<li class=\"whitespace-normal break-words pl-2\">Prot\u00e9ines : 10 g<\/li>\n<li class=\"whitespace-normal break-words pl-2\">Sel : 3,2 g<\/li>\n<\/ul>\n<p class=\"font-claude-response-body break-words whitespace-normal leading-[1.7]\">Conservation entre +2\u00b0C et +6\u00b0C \u2014 Format 800 g \u2014 DLC : 8 jours<\/p>\n","protected":false},"featured_media":1584,"comment_status":"open","ping_status":"closed","template":"","meta":[],"product_brand":[91],"product_cat":[96],"product_tag":[],"class_list":{"0":"post-1583","1":"product","2":"type-product","3":"status-publish","4":"has-post-thumbnail","6":"product_brand-yayla","7":"product_cat-laitiers-fromages","9":"first","10":"instock","11":"taxable","12":"shipping-taxable","13":"product-type-simple"},"_links":{"self":[{"href":"https:\/\/mehdi.gvision.pm\/index.php?rest_route=\/wp\/v2\/product\/1583","targetHints":{"allow":["GET"]}}],"collection":[{"href":"https:\/\/mehdi.gvision.pm\/index.php?rest_route=\/wp\/v2\/product"}],"about":[{"href":"https:\/\/mehdi.gvision.pm\/index.php?rest_route=\/wp\/v2\/types\/product"}],"replies":[{"embeddable":true,"href":"https:\/\/mehdi.gvision.pm\/index.php?rest_route=%2Fwp%2Fv2%2Fcomments&post=1583"}],"version-history":[{"count":1,"href":"https:\/\/mehdi.gvision.pm\/index.php?rest_route=\/wp\/v2\/product\/1583\/revisions"}],"predecessor-version":[{"id":1585,"href":"https:\/\/mehdi.gvision.pm\/index.php?rest_route=\/wp\/v2\/product\/1583\/revisions\/1585"}],"wp:featuredmedia":[{"embeddable":true,"href":"https:\/\/mehdi.gvision.pm\/index.php?rest_route=\/wp\/v2\/media\/1584"}],"wp:attachment":[{"href":"https:\/\/mehdi.gvision.pm\/index.php?rest_route=%2Fwp%2Fv2%2Fmedia&parent=1583"}],"wp:term":[{"taxonomy":"product_brand","embeddable":true,"href":"https:\/\/mehdi.gvision.pm\/index.php?rest_route=%2Fwp%2Fv2%2Fproduct_brand&post=1583"},{"taxonomy":"product_cat","embeddable":true,"href":"https:\/\/mehdi.gvision.pm\/index.php?rest_route=%2Fwp%2Fv2%2Fproduct_cat&post=1583"},{"taxonomy":"product_tag","embeddable":true,"href":"https:\/\/mehdi.gvision.pm\/index.php?rest_route=%2Fwp%2Fv2%2Fproduct_tag&post=1583"}],"curies":[{"name":"wp","href":"https:\/\/api.w.org\/{rel}","templated":true}]}}