{"id":1590,"date":"2026-05-07T00:05:05","date_gmt":"2026-05-06T22:05:05","guid":{"rendered":"https:\/\/mehdi.gvision.pm\/\/?post_type=product&#038;p=1590"},"modified":"2026-05-07T03:25:43","modified_gmt":"2026-05-07T01:25:43","slug":"maxi-burger-gourmet-surgele-torku-450-g","status":"publish","type":"product","link":"https:\/\/mehdi.gvision.pm\/?product=maxi-burger-gourmet-surgele-torku-450-g","title":{"rendered":"Maxi Burger Gourmet surgel\u00e9 Torku \u2013 450 g"},"content":{"rendered":"","protected":false},"excerpt":{"rendered":"<p class=\"font-claude-response-body break-words whitespace-normal leading-[1.7]\">Le Maxi Burger Gourmet Torku est un steak hach\u00e9 surgel\u00e9 de qualit\u00e9 sup\u00e9rieure, pr\u00e9par\u00e9 \u00e0 partir de viande bovine soigneusement s\u00e9lectionn\u00e9e. Moelleux \u00e0 l&#8217;int\u00e9rieur et savoureux \u00e0 la cuisson, il est id\u00e9al pour pr\u00e9parer des burgers maison g\u00e9n\u00e9reux et gourmands. Rapide \u00e0 pr\u00e9parer \u00e0 la po\u00eale ou au grill, il ravira toute la famille.<\/p>\n<p class=\"font-claude-response-body break-words whitespace-normal leading-[1.7]\"><strong>Disponible en plusieurs vari\u00e9t\u00e9s :<\/strong><\/p>\n<ul class=\"[li_&amp;]:mb-0 [li_&amp;]:mt-1 [li_&amp;]:gap-1 [&amp;:not(:last-child)_ul]:pb-1 [&amp;:not(:last-child)_ol]:pb-1 list-disc flex flex-col gap-1 pl-8 mb-3\">\n<li class=\"whitespace-normal break-words pl-2\">Gurme Burger (Gourmet)<\/li>\n<li class=\"whitespace-normal break-words pl-2\">Burger classique<\/li>\n<li class=\"whitespace-normal break-words pl-2\">Misket K\u00f6fte (boulettes)<\/li>\n<li class=\"whitespace-normal break-words pl-2\">C\u0131zb\u0131z K\u00f6fte (boulettes grill\u00e9es)<\/li>\n<\/ul>\n<p class=\"font-claude-response-body break-words whitespace-normal leading-[1.7]\"><strong>Pr\u00e9paration :<\/strong> Cuire \u00e0 la po\u00eale ou au grill sans d\u00e9cong\u00e9lation pr\u00e9alable, \u00e0 feu moyen, jusqu&#8217;\u00e0 cuisson compl\u00e8te \u00e0 c\u0153ur.<\/p>\n<p class=\"font-claude-response-body break-words whitespace-normal leading-[1.7]\">Produit par Torku \u2014 Marque d&#8217;une coop\u00e9rative agricole \u2014 Format 450 g \u2014 \u00c0 conserver au cong\u00e9lateur \u00e0 -18\u00b0C.<\/p>\n","protected":false},"featured_media":1591,"comment_status":"open","ping_status":"closed","template":"","meta":[],"product_brand":[93],"product_cat":[99],"product_tag":[],"class_list":{"0":"post-1590","1":"product","2":"type-product","3":"status-publish","4":"has-post-thumbnail","6":"product_brand-torku","7":"product_cat-epicerie-surgeles","9":"first","10":"instock","11":"taxable","12":"shipping-taxable","13":"product-type-simple"},"_links":{"self":[{"href":"https:\/\/mehdi.gvision.pm\/index.php?rest_route=\/wp\/v2\/product\/1590","targetHints":{"allow":["GET"]}}],"collection":[{"href":"https:\/\/mehdi.gvision.pm\/index.php?rest_route=\/wp\/v2\/product"}],"about":[{"href":"https:\/\/mehdi.gvision.pm\/index.php?rest_route=\/wp\/v2\/types\/product"}],"replies":[{"embeddable":true,"href":"https:\/\/mehdi.gvision.pm\/index.php?rest_route=%2Fwp%2Fv2%2Fcomments&post=1590"}],"version-history":[{"count":1,"href":"https:\/\/mehdi.gvision.pm\/index.php?rest_route=\/wp\/v2\/product\/1590\/revisions"}],"predecessor-version":[{"id":1592,"href":"https:\/\/mehdi.gvision.pm\/index.php?rest_route=\/wp\/v2\/product\/1590\/revisions\/1592"}],"wp:featuredmedia":[{"embeddable":true,"href":"https:\/\/mehdi.gvision.pm\/index.php?rest_route=\/wp\/v2\/media\/1591"}],"wp:attachment":[{"href":"https:\/\/mehdi.gvision.pm\/index.php?rest_route=%2Fwp%2Fv2%2Fmedia&parent=1590"}],"wp:term":[{"taxonomy":"product_brand","embeddable":true,"href":"https:\/\/mehdi.gvision.pm\/index.php?rest_route=%2Fwp%2Fv2%2Fproduct_brand&post=1590"},{"taxonomy":"product_cat","embeddable":true,"href":"https:\/\/mehdi.gvision.pm\/index.php?rest_route=%2Fwp%2Fv2%2Fproduct_cat&post=1590"},{"taxonomy":"product_tag","embeddable":true,"href":"https:\/\/mehdi.gvision.pm\/index.php?rest_route=%2Fwp%2Fv2%2Fproduct_tag&post=1590"}],"curies":[{"name":"wp","href":"https:\/\/api.w.org\/{rel}","templated":true}]}}